{"id":51493,"date":"2025-10-06T10:10:57","date_gmt":"2025-10-06T08:10:57","guid":{"rendered":"https:\/\/www.inlingua.com\/conditions-utilisation\/"},"modified":"2026-01-26T11:56:54","modified_gmt":"2026-01-26T10:56:54","slug":"conditions-utilisation","status":"publish","type":"page","link":"https:\/\/www.inlingua.com\/fr\/conditions-utilisation\/","title":{"rendered":"Conditions d&rsquo;utilisation"},"content":{"rendered":"<style data-style=\"inlingua-hero-block\">#main-content{overflow:hidden}.hero-block{background-size:cover;background-position:0;background-repeat:no-repeat;height:738px;position:relative}@media screen and (max-width:1440px){.hero-block{height:550px}}.hero-block .absolute-block{display:none;position:absolute;top:40px;right:10px;width:120px;height:100px;z-index:1}@media screen and (max-width:768px){.hero-block .absolute-block{display:block}}.hero-block .absolute-block .block{position:relative;width:100%;height:100%}.hero-block .absolute-block .block .first-block{position:absolute;width:20px;height:20px;background:var(--grey-3,#ededed);top:20px;right:100px}.hero-block .absolute-block .block .second-block{position:absolute;width:40px;height:40px;background:var(--primary,#f0b334);top:40px;right:60px}.hero-block .absolute-block .block .third-block{position:absolute;width:60px;height:60px;background:var(--secondary,#37c0aa);top:-20px;right:10px}@media (max-width:768px){.hero-block{background:none!important;height:auto}}@media (prefers-reduced-motion:reduce){.hero-block{background-attachment:scroll}}.hero-block__image{background-size:cover;background-position:0;background-repeat:no-repeat;display:none;position:relative;height:100%}@media (max-width:768px){.hero-block__image{height:480px}}.hero-block__image-mobile{display:none}@media (max-width:560px){.hero-block__image-mobile{display:block}}.hero-block__image-desktop{display:block}@media (max-width:560px){.hero-block__image-desktop{display:none}}.hero-block__image-desktop-only{display:block}.hero-block__content{position:absolute;left:60%;top:40%;transform:translateY(-50%);width:100%;max-width:370px;aspect-ratio:1\/1;background-color:#fff;color:#000;padding:30px;box-shadow:0 0 5px 0 #d1d1d1}@media (prefers-contrast:high){.hero-block__content{background-color:#000;color:#fff;border:2px solid #37c0aa}}@media (max-width:1440px){.hero-block__content{left:unset;right:200px;top:43%}}@media (min-width:769px){.hero-block__content{height:100%;max-height:370px}}@media (max-width:768px){.hero-block__content{bottom:20px;left:50%;transform:translate(-50%);top:unset;width:calc(90vw - 40px);max-width:320px;aspect-ratio:1\/1;padding:18px}}.hero-block__content .block{display:flex;flex-direction:column;height:100%;position:relative;justify-content:center}.hero-block__content .block:before{content:\"\";position:absolute;bottom:-115px;right:-60px;width:80px;height:80px;background:var(--primary)}@media screen and (max-width:1440px){.hero-block__content .block:before{bottom:-85px;right:-50px;width:50px;height:50px}}@media screen and (max-width:768px){.hero-block__content .block:before{display:none}}.hero-block__content .block:after{content:\"\";position:absolute;bottom:-30px;right:-195px;width:160px;height:160px;background:var(--secondary)}@media screen and (max-width:1440px){.hero-block__content .block:after{right:-135px;width:100px;height:100px}}@media screen and (max-width:768px){.hero-block__content .block:after{display:none}}.hero-block__title{margin-bottom:10px;font-weight:400}@media (max-width:768px){.hero-block__title{margin-bottom:12px}}.hero-block__desc{font-size:18px;font-weight:400;line-height:150%;font-family:Lato,sans-serif}@media (max-width:768px){.hero-block__desc{font-size:16px}}.hero-block__btn{width:-webkit-max-content;width:-moz-max-content;width:max-content;padding-left:20px;padding-right:20px;font-size:16px;margin-top:18px;height:40px;background:var(--primary);color:var(--black)}.hero-block__btn:focus-visible{box-shadow:0 0 0 4px hsla(0,0%,100%,.3)}.hero-block__btn:hover{background-color:var(--secondary);color:var(--white)}@media (prefers-contrast:high){.hero-block__btn{border:2px solid #fff;background-color:transparent;color:#fff}.hero-block__btn:focus-visible,.hero-block__btn:hover{background-color:var(--secondary);color:var(--white)}}@media (max-width:768px){.hero-block__btn{width:100%;font-size:14px;height:45px}}.hero-block__btn:focus-visible{outline:2px solid var(--white);outline-offset:2px}.hero-block__content:focus-within{outline:2px solid var(--white);outline-offset:2px}.hero-block .bottom-line_text{position:absolute;bottom:30px;left:50%;transform:translateX(-50%);width:100%;max-width:980px;padding:0 20px}.hero-block .bottom-line_text span{text-align:center;font-size:18px;font-weight:700;line-height:140%;font-family:Lato,sans-serif;color:#000;background-color:#fff;padding:7px 20px;width:100%;display:block}@media (max-width:768px){.hero-block .bottom-line_text span{padding:7px 10px}}@media (max-width:375px){.hero-block .bottom-line_text span{font-size:16px}}@media (max-width:768px){.hero-block .bottom-line_text{max-width:320px;bottom:20px;padding:0}}@media (max-width:375px){.hero-block .bottom-line_text{max-width:297.5px}}<\/style>\n<section class=\"hero-block\" \n         id=\"hero\"\n         role=\"banner\" \n         aria-label=\"Conditions d&#039;utilisation\">\n    <div class=\"absolute-block\">\n        <div class=\"block\">\n            <div class=\"first-block\"><\/div>\n            <div class=\"second-block\"><\/div>\n            <div class=\"third-block\"><\/div>\n        <\/div>\n    <\/div>\n                <div class=\"hero-block__image hero-block__image-desktop hero-block__image-desktop-only\" \n             style=\"background-image: url('https:\/\/www.inlingua.com\/wp-content\/uploads\/2025\/07\/09aa32_d495c924804e46a6adfa35f429c0ad51mv2.avif'); background-size: cover; background-position: left;\"\n             aria-hidden=\"true\"\n             role=\"presentation\"><\/div>\n        \n    <div class=\"hero-block__content\">\n        <div class=\"block\">\n                    <h1 class=\"hero-block__title\" \n                id=\"hero-title\" \n                >Conditions d&#039;utilisation<\/h1>\n        \n                    <h2 class=\"hero-block__desc\" \n                aria-describedby=\"hero-title\">inlingua International SA<\/h2>\n        \n                <\/div>\n    <\/div>\n    <\/section>\n\n\n<style data-style=\"inlingua-one-column\">.one-column{padding:80px 0}@media (max-width:768px){.one-column{padding:40px 0;background-attachment:unset}}.one-column .container{max-width:635px;margin:0 auto;display:flex;flex-direction:column;gap:30px;padding:0 20px}.one-column .container .one-column__column{display:flex;flex-direction:column;justify-content:center;gap:20px}.one-column .container .one-column__column-content p{font-size:18px;font-weight:400;line-height:1.2;font-family:Lato,sans-serif;line-height:200%;font-weight:300;letter-spacing:0}@media screen and (max-width:768px){.one-column .container .one-column__column-content p{font-size:16px}}@media (max-width:768px){.one-column .container .one-column__column-content p{line-height:150%}}.one-column .container .one-column__column .one-column__button{margin-top:10px}.one-column .container .one-column__column .one-column__button .button{font-weight:700;font-size:16px;color:#103831;background:#37c0aa;text-decoration:none;text-align:center;display:inline-block;width:-webkit-fit-content;width:-moz-fit-content;width:fit-content;transition:all .3s ease;line-height:150%;padding:6px 60px;font-size:18px;letter-spacing:.1em}@media screen and (max-width:768px){.one-column .container .one-column__column .one-column__button .button{font-size:12px;padding:8px 16px;height:unset}}.one-column .container .one-column__column .one-column__button .button:hover{background:#7494aa;color:#fff;transition:all .3s ease}.one-column .container .one-column__column .one-column__button .button:focus-visible{outline:2px solid #fff;outline-offset:2px;box-shadow:0 0 0 4px hsla(0,0%,100%,.3)}<\/style>   \n<section class=\"one-column \" \n         id=\"one-column\"\n         role=\"region\" \n         aria-label=\"Single column content section\"\n         style=\"background: ; background-image: url(''); background-position: left; background-size: cover;\">\n    <div class=\"container\">\n                    <div class=\"title-wrapper wow fadeInUp\" \n                 style=\"max-width: 612px;\"\n                 data-wow-duration=\"1s\" \n                 data-wow-delay=\"0.2s\">\n                <h2>Conditions d&rsquo;utilisation<\/h2>\n            <\/div>\n                \n                    <div class=\"one-column__column wow fadeInUp\" \n                 role=\"main\" \n                 aria-label=\"Main content\"\n                 data-wow-duration=\"1s\" \n                 data-wow-delay=\"0.4s\">\n                                    <div class=\"one-column__column-content\">\n                        <h3>Introduction<\/h3>\n<p>&nbsp;<\/p>\n<p>Ces termes et conditions r\u00e9gissent votre utilisation de ce site web ; en utilisant ce site web, vous acceptez ces termes et conditions dans leur int\u00e9gralit\u00e9. Si vous n&rsquo;\u00eates pas d&rsquo;accord avec tout ou partie de ces termes et conditions, vous ne devez pas utiliser ce site web. En utilisant ce site web et en acceptant ces termes et conditions, vous consentez \u00e0 ce qu&rsquo;inlingua International SA utilise des cookies conform\u00e9ment aux termes de la politique de confidentialit\u00e9 \/ politique de cookies d&rsquo;inlingua International SA.<\/p>\n<p>&nbsp;<\/p>\n<p>&nbsp;<\/p>\n<h3>Licence d&rsquo;utilisation du site web<\/h3>\n<p>&nbsp;<\/p>\n<p>Sauf indication contraire, inlingua International SA et\/ou ses conc\u00e9dants de licence d\u00e9tiennent les droits de propri\u00e9t\u00e9 intellectuelle sur le site web et le mat\u00e9riel qui s&rsquo;y trouve. Sous r\u00e9serve de la licence ci-dessous, tous ces droits de propri\u00e9t\u00e9 intellectuelle sont r\u00e9serv\u00e9s. Vous pouvez consulter, t\u00e9l\u00e9charger \u00e0 des fins de mise en cache uniquement, et imprimer des pages ou d&rsquo;autres contenus du site web pour votre usage personnel, sous r\u00e9serve des restrictions \u00e9nonc\u00e9es ci-dessous et ailleurs dans les pr\u00e9sentes conditions g\u00e9n\u00e9rales. Vous ne devez pas :<\/p>\n<p>&nbsp;<\/p>\n<ul>\n<li>republier du mat\u00e9riel provenant de ce site web (y compris la republication sur un autre site web) ;<\/li>\n<li>vendre, louer ou conc\u00e9der des sous-licences sur le mat\u00e9riel du site web ;<\/li>\n<li>de montrer en public tout mat\u00e9riel provenant du site web ;<\/li>\n<li>reproduire, dupliquer, copier ou exploiter de toute autre mani\u00e8re le contenu de ce site web \u00e0 des fins commerciales ;<\/li>\n<li>e\u00e9diter ou modifier de quelque mani\u00e8re que ce soit tout \u00e9l\u00e9ment figurant sur le site web ; ou<\/li>\n<li>de redistribuer du mat\u00e9riel provenant de ce site web, \u00e0 l&rsquo;exception du contenu sp\u00e9cifiquement et express\u00e9ment mis \u00e0 disposition pour la redistribution.<\/li>\n<\/ul>\n<p>&nbsp;<\/p>\n<p>&nbsp;<\/p>\n<h3>Utilisation acceptable<\/h3>\n<p>&nbsp;<\/p>\n<p>Vous ne devez pas utiliser ce site web d&rsquo;une mani\u00e8re qui cause, ou pourrait causer, des dommages au site web ou une atteinte \u00e0 la disponibilit\u00e9 ou \u00e0 l&rsquo;accessibilit\u00e9 du site web, ou d&rsquo;une mani\u00e8re ill\u00e9gale, illicite, frauduleuse ou pr\u00e9judiciable, ou en relation avec un objectif ou une activit\u00e9 ill\u00e9gale, illicite, frauduleuse ou pr\u00e9judiciable.<br \/>\nVous ne devez pas utiliser ce site web pour copier, stocker, h\u00e9berger, transmettre, envoyer, utiliser, publier ou distribuer du mat\u00e9riel qui consiste en (ou est li\u00e9 \u00e0) un logiciel espion, un virus informatique, un cheval de Troie, un ver, un enregistreur de frappe, un rootkit ou tout autre logiciel informatique malveillant.<br \/>\nVous ne devez pas mener d&rsquo;activit\u00e9s syst\u00e9matiques ou automatis\u00e9es de collecte de donn\u00e9es (y compris, sans limitation, le scraping, le data mining, l&rsquo;extraction de donn\u00e9es et la r\u00e9colte de donn\u00e9es) sur ou en relation avec ce site web sans l&rsquo;accord \u00e9crit expr\u00e8s d&rsquo;inlingua International SA.Vous ne devez pas utiliser ce site web pour transmettre ou envoyer des communications commerciales non sollicit\u00e9es.Vous ne devez pas utiliser ce site web \u00e0 des fins li\u00e9es au marketing sans l&rsquo;accord \u00e9crit expr\u00e8s d&rsquo;inlingua International SA.<\/p>\n<p>&nbsp;<\/p>\n<p>&nbsp;<\/p>\n<h3>Aucune garantie<\/h3>\n<p>&nbsp;<\/p>\n<p>Ce site web est fourni \u00ab\u00a0en l&rsquo;\u00e9tat\u00a0\u00bb sans aucune d\u00e9claration ni garantie, expresse ou implicite. inlingua International SA ne fait aucune d\u00e9claration ni ne donne aucune garantie concernant ce site web ou les informations et le mat\u00e9riel fournis sur ce site web. Sans pr\u00e9judice de la port\u00e9e g\u00e9n\u00e9rale du paragraphe pr\u00e9c\u00e9dent, inlingua International SA ne garantit pas que :<\/p>\n<p>&nbsp;<\/p>\n<ul>\n<li>que ce site web sera disponible en permanence ou qu&rsquo;il sera disponible du tout ; ou<\/li>\n<li>les informations figurant sur ce site web sont compl\u00e8tes, v\u00e9ridiques, exactes ou non trompeuses.<\/li>\n<\/ul>\n<p>&nbsp;<\/p>\n<p>Rien sur ce site ne constitue, ou n&rsquo;est cens\u00e9 constituer, un conseil de quelque nature que ce soit.<\/p>\n<p>&nbsp;<\/p>\n<p>&nbsp;<\/p>\n<h3>Limites de responsabilit\u00e9<\/h3>\n<p>&nbsp;<\/p>\n<p>inlingua International SA ne sera pas responsable envers vous (que ce soit en vertu du droit contractuel, du droit de la responsabilit\u00e9 civile ou d&rsquo;une autre mani\u00e8re) en ce qui concerne le contenu ou l&rsquo;utilisation de ce site web ou d&rsquo;une autre mani\u00e8re en rapport avec celui-ci :<\/p>\n<p>&nbsp;<\/p>\n<ul>\n<li>dans la mesure o\u00f9 le site web est fourni gratuitement, pour toute perte directe ;<\/li>\n<li>pour toute perte indirecte, sp\u00e9ciale ou cons\u00e9cutive ; ou<\/li>\n<li>pour toute perte commerciale, perte de revenus, de b\u00e9n\u00e9fices ou d&rsquo;\u00e9conomies anticip\u00e9es, perte de contrats ou de relations commerciales, perte de r\u00e9putation ou de fonds de commerce, ou perte ou corruption d&rsquo;informations ou de donn\u00e9es.<\/li>\n<li>les informations figurant sur ce site web sont compl\u00e8tes, v\u00e9ridiques, exactes ou non trompeuses.<\/li>\n<\/ul>\n<p>&nbsp;<\/p>\n<p>Rien sur ce site ne constitue, ou n&rsquo;est cens\u00e9 constituer, un conseil de quelque nature que ce soit.<\/p>\n<p>&nbsp;<\/p>\n<p>&nbsp;<\/p>\n<h3>Exceptions<\/h3>\n<p>&nbsp;<\/p>\n<p>Rien dans la pr\u00e9sente clause de non-responsabilit\u00e9 n&rsquo;exclura ou ne limitera toute garantie implicite par la loi qu&rsquo;il serait ill\u00e9gal d&rsquo;exclure ou de limiter ; et rien dans la pr\u00e9sente clause de non-responsabilit\u00e9 n&rsquo;exclura ou ne limitera la responsabilit\u00e9 d&rsquo;inlingua International SA \u00e0 l&rsquo;\u00e9gard de tout :<\/p>\n<p>&nbsp;<\/p>\n<ul>\n<li>le d\u00e9c\u00e8s ou les dommages corporels caus\u00e9s par la n\u00e9gligence de la soci\u00e9t\u00e9 inlingua International SA ;<\/li>\n<li>fraude ou d\u00e9claration frauduleuse de la part d&rsquo;inlingua International SA ou<\/li>\n<li>les questions qu&rsquo;il serait ill\u00e9gal ou illicite pour inlingua International SA d&rsquo;exclure ou de limiter, ou de tenter ou de pr\u00e9tendre exclure ou limiter, sa responsabilit\u00e9.<\/li>\n<\/ul>\n<p>&nbsp;<\/p>\n<p>&nbsp;<\/p>\n<h3>Caract\u00e8re raisonnable<\/h3>\n<p>&nbsp;<\/p>\n<p>En utilisant ce site web, vous acceptez que les exclusions et les limitations de responsabilit\u00e9 \u00e9nonc\u00e9es dans cette clause de non-responsabilit\u00e9 soient raisonnables. Si vous pensez qu&rsquo;elles ne sont pas raisonnables, vous ne devez pas utiliser ce site web.<\/p>\n<p>&nbsp;<\/p>\n<p>&nbsp;<\/p>\n<h3>Autres parties<\/h3>\n<p>&nbsp;<\/p>\n<p>Vous acceptez qu&rsquo;inlingua International SA ait int\u00e9r\u00eat \u00e0 limiter la responsabilit\u00e9 personnelle de ses dirigeants et employ\u00e9s. Vous acceptez de ne pas porter plainte personnellement contre les dirigeants ou les employ\u00e9s d&rsquo;inlingua International SA pour toute perte subie en relation avec le site web. Sans pr\u00e9judice du paragraphe pr\u00e9c\u00e9dent, vous acceptez que les limitations de garantie et de responsabilit\u00e9 \u00e9nonc\u00e9es dans la pr\u00e9sente clause de non-responsabilit\u00e9 prot\u00e8gent les dirigeants, employ\u00e9s, agents, filiales, successeurs, ayants droit et sous-traitants d&rsquo;inlingua International SA, ainsi qu&rsquo;inlingua International SA.<\/p>\n<p>&nbsp;<\/p>\n<p>&nbsp;<\/p>\n<h3>Dispositions inapplicables<\/h3>\n<p>&nbsp;<\/p>\n<p>Si l&rsquo;une des dispositions de cette clause de non-responsabilit\u00e9 est ou s&rsquo;av\u00e8re inapplicable en vertu du droit applicable, cela n&rsquo;affectera pas l&rsquo;applicabilit\u00e9 des autres dispositions de cette clause de non-responsabilit\u00e9. En cas de nullit\u00e9 partielle des pr\u00e9sentes conditions, vous et inlingua International SA convenez de remplacer l&rsquo;article invalide par des dispositions qui correspondent le mieux \u00e0 l&rsquo;objectif de l&rsquo;article invalide.<\/p>\n<p>&nbsp;<\/p>\n<p>&nbsp;<\/p>\n<h3>Indemnisation<\/h3>\n<p>&nbsp;<\/p>\n<p>Par la pr\u00e9sente, vous indemnisez inlingua International SA et vous vous engagez \u00e0 maintenir inlingua International SA indemne de toute perte, de tout dommage, de tout co\u00fbt, de toute responsabilit\u00e9 et de toute d\u00e9pense (y compris, mais sans s&rsquo;y limiter, les frais juridiques et tout montant pay\u00e9 par inlingua International SA \u00e0 un tiers en r\u00e8glement d&rsquo;une r\u00e9clamation ou d&rsquo;un litige sur l&rsquo;avis des conseillers juridiques d&rsquo;inlingua International SA) encourus ou subis par inlingua International SA \u00e0 la suite d&rsquo;une violation par vous de toute disposition des pr\u00e9sentes conditions g\u00e9n\u00e9rales, ou \u00e0 la suite d&rsquo;une r\u00e9clamation selon laquelle vous auriez viol\u00e9 toute disposition des pr\u00e9sentes conditions g\u00e9n\u00e9rales.<\/p>\n<p>&nbsp;<\/p>\n<p>&nbsp;<\/p>\n<h3>Violation des pr\u00e9sentes conditions g\u00e9n\u00e9rales<\/h3>\n<p>&nbsp;<\/p>\n<p>Sans pr\u00e9judice des autres droits d&rsquo;inlingua International SA en vertu des pr\u00e9sentes conditions g\u00e9n\u00e9rales, si vous enfreignez les pr\u00e9sentes conditions g\u00e9n\u00e9rales de quelque mani\u00e8re que ce soit, inlingua International SA peut prendre les mesures qu&rsquo;elle juge appropri\u00e9es pour rem\u00e9dier \u00e0 l&rsquo;infraction, y compris suspendre votre acc\u00e8s au site web, vous interdire d&rsquo;acc\u00e9der au site web, bloquer les ordinateurs utilisant votre adresse IP pour acc\u00e9der au site web, contacter votre fournisseur d&rsquo;acc\u00e8s \u00e0 Internet pour lui demander de bloquer votre acc\u00e8s au site web et\/ou intenter une action en justice contre vous.<\/p>\n<p>&nbsp;<\/p>\n<p>&nbsp;<\/p>\n<h3>Variation<\/h3>\n<p>&nbsp;<\/p>\n<p>La soci\u00e9t\u00e9 inlingua International SA peut r\u00e9viser ces termes et conditions de temps \u00e0 autre. Les conditions r\u00e9vis\u00e9es s&rsquo;appliqueront \u00e0 l&rsquo;utilisation de ce site web \u00e0 partir de la date de publication des conditions r\u00e9vis\u00e9es sur ce site web. Veuillez consulter r\u00e9guli\u00e8rement cette page afin de vous familiariser avec la version actuelle.<\/p>\n<p>&nbsp;<\/p>\n<p>&nbsp;<\/p>\n<h3>Affectation<\/h3>\n<p>&nbsp;<\/p>\n<p>inlingua International SA peut transf\u00e9rer, sous-traiter ou traiter d&rsquo;une autre mani\u00e8re les droits et\/ou obligations d&rsquo;inlingua International SA en vertu des pr\u00e9sentes conditions g\u00e9n\u00e9rales sans vous en informer ou obtenir votre consentement. Vous ne pouvez pas transf\u00e9rer, sous-traiter ou traiter d&rsquo;une autre mani\u00e8re vos droits et\/ou obligations en vertu des pr\u00e9sentes conditions g\u00e9n\u00e9rales.<\/p>\n<p>&nbsp;<\/p>\n<p>&nbsp;<\/p>\n<h3>S\u00e9v\u00e9rit\u00e9<\/h3>\n<p>&nbsp;<\/p>\n<p>Si une disposition des pr\u00e9sentes conditions g\u00e9n\u00e9rales est jug\u00e9e ill\u00e9gale et\/ou inapplicable par un tribunal ou une autre autorit\u00e9 comp\u00e9tente, les autres dispositions resteront en vigueur. Si une disposition ill\u00e9gale et\/ou inapplicable serait l\u00e9gale ou applicable si une partie \u00e9tait supprim\u00e9e, cette partie sera consid\u00e9r\u00e9e comme supprim\u00e9e et le reste de la disposition restera en vigueur.<\/p>\n<p>&nbsp;<\/p>\n<p>&nbsp;<\/p>\n<h3>Int\u00e9gralit\u00e9 de l&rsquo;accord<\/h3>\n<p>&nbsp;<\/p>\n<p>Les pr\u00e9sentes conditions g\u00e9n\u00e9rales constituent l&rsquo;int\u00e9gralit\u00e9 de l&rsquo;accord entre vous et inlingua International SA en ce qui concerne l&rsquo;utilisation de ce site Web et remplacent tous les accords ant\u00e9rieurs relatifs \u00e0 l&rsquo;utilisation de ce site Web.<\/p>\n<p>&nbsp;<\/p>\n<p>&nbsp;<\/p>\n<h3>Droit et juridiction<\/h3>\n<p>&nbsp;<\/p>\n<p>Les pr\u00e9sentes conditions sont r\u00e9gies et interpr\u00e9t\u00e9es conform\u00e9ment au droit suisse, et tout litige relatif aux pr\u00e9sentes conditions est soumis \u00e0 la comp\u00e9tence exclusive des tribunaux de Berne.<\/p>\n                    <\/div>\n                                            <\/div>\n            <\/div>\n<\/section>\n\n<style>\n    @media (max-width: 768px) {\n        .one-column.background-on-mobile-section {\n            background-color: ;\n            background-image: none !important;\n        }\n    }\n<\/style>","protected":false},"excerpt":{"rendered":"","protected":false},"author":1,"featured_media":0,"parent":0,"menu_order":0,"comment_status":"closed","ping_status":"closed","template":"","meta":{"_acf_changed":false,"footnotes":""},"class_list":["post-51493","page","type-page","status-publish","hentry"],"acf":[],"yoast_head":"<!-- This site is optimized with the Yoast SEO Premium plugin v27.4 (Yoast SEO v27.4) - https:\/\/yoast.com\/product\/yoast-seo-premium-wordpress\/ -->\n<title>Conditions d&#039;utilisation - inlingua<\/title>\n<meta name=\"robots\" content=\"index, follow, max-snippet:-1, max-image-preview:large, max-video-preview:-1\" \/>\n<link rel=\"canonical\" href=\"https:\/\/www.inlingua.com\/fr\/conditions-utilisation\/\" \/>\n<meta property=\"og:locale\" content=\"fr_FR\" \/>\n<meta property=\"og:type\" content=\"article\" \/>\n<meta property=\"og:title\" content=\"Conditions d&#039;utilisation\" \/>\n<meta property=\"og:url\" content=\"https:\/\/www.inlingua.com\/fr\/conditions-utilisation\/\" \/>\n<meta property=\"og:site_name\" content=\"inlingua\" \/>\n<meta property=\"article:publisher\" content=\"https:\/\/www.facebook.com\/inlingua\" \/>\n<meta property=\"article:modified_time\" content=\"2026-01-26T10:56:54+00:00\" \/>\n<meta name=\"twitter:card\" content=\"summary_large_image\" \/>\n<!-- \/ Yoast SEO Premium plugin. -->","yoast_head_json":{"title":"Conditions d'utilisation - inlingua","robots":{"index":"index","follow":"follow","max-snippet":"max-snippet:-1","max-image-preview":"max-image-preview:large","max-video-preview":"max-video-preview:-1"},"canonical":"https:\/\/www.inlingua.com\/fr\/conditions-utilisation\/","og_locale":"fr_FR","og_type":"article","og_title":"Conditions d'utilisation","og_url":"https:\/\/www.inlingua.com\/fr\/conditions-utilisation\/","og_site_name":"inlingua","article_publisher":"https:\/\/www.facebook.com\/inlingua","article_modified_time":"2026-01-26T10:56:54+00:00","twitter_card":"summary_large_image","schema":{"@context":"https:\/\/schema.org","@graph":[{"@type":"WebPage","@id":"https:\/\/www.inlingua.com\/fr\/conditions-utilisation\/","url":"https:\/\/www.inlingua.com\/fr\/conditions-utilisation\/","name":"Conditions d'utilisation - inlingua","isPartOf":{"@id":"https:\/\/www.inlingua.com\/fr\/#website"},"datePublished":"2025-10-06T08:10:57+00:00","dateModified":"2026-01-26T10:56:54+00:00","breadcrumb":{"@id":"https:\/\/www.inlingua.com\/fr\/conditions-utilisation\/#breadcrumb"},"inLanguage":"fr-FR","potentialAction":[{"@type":"ReadAction","target":["https:\/\/www.inlingua.com\/fr\/conditions-utilisation\/"]}]},{"@type":"BreadcrumbList","@id":"https:\/\/www.inlingua.com\/fr\/conditions-utilisation\/#breadcrumb","itemListElement":[{"@type":"ListItem","position":1,"name":"Home","item":"https:\/\/www.inlingua.com\/fr\/"},{"@type":"ListItem","position":2,"name":"Conditions d&#8217;utilisation"}]},{"@type":"WebSite","@id":"https:\/\/www.inlingua.com\/fr\/#website","url":"https:\/\/www.inlingua.com\/fr\/","name":"inlingua","description":"","publisher":{"@id":"https:\/\/www.inlingua.com\/fr\/#organization"},"potentialAction":[{"@type":"SearchAction","target":{"@type":"EntryPoint","urlTemplate":"https:\/\/www.inlingua.com\/fr\/?s={search_term_string}"},"query-input":{"@type":"PropertyValueSpecification","valueRequired":true,"valueName":"search_term_string"}}],"inLanguage":"fr-FR"},{"@type":"Organization","@id":"https:\/\/www.inlingua.com\/fr\/#organization","name":"inlingua","url":"https:\/\/www.inlingua.com\/fr\/","logo":{"@type":"ImageObject","inLanguage":"fr-FR","@id":"https:\/\/www.inlingua.com\/fr\/#\/schema\/logo\/image\/","url":"https:\/\/www.inlingua.com\/wp-content\/uploads\/2025\/06\/favicon.png","contentUrl":"https:\/\/www.inlingua.com\/wp-content\/uploads\/2025\/06\/favicon.png","width":150,"height":150,"caption":"inlingua"},"image":{"@id":"https:\/\/www.inlingua.com\/fr\/#\/schema\/logo\/image\/"},"sameAs":["https:\/\/www.facebook.com\/inlingua","http:\/\/localhost\/inlingua\/"]}]}},"_links":{"self":[{"href":"https:\/\/www.inlingua.com\/fr\/wp-json\/wp\/v2\/pages\/51493","targetHints":{"allow":["GET"]}}],"collection":[{"href":"https:\/\/www.inlingua.com\/fr\/wp-json\/wp\/v2\/pages"}],"about":[{"href":"https:\/\/www.inlingua.com\/fr\/wp-json\/wp\/v2\/types\/page"}],"author":[{"embeddable":true,"href":"https:\/\/www.inlingua.com\/fr\/wp-json\/wp\/v2\/users\/1"}],"replies":[{"embeddable":true,"href":"https:\/\/www.inlingua.com\/fr\/wp-json\/wp\/v2\/comments?post=51493"}],"version-history":[{"count":8,"href":"https:\/\/www.inlingua.com\/fr\/wp-json\/wp\/v2\/pages\/51493\/revisions"}],"predecessor-version":[{"id":51763,"href":"https:\/\/www.inlingua.com\/fr\/wp-json\/wp\/v2\/pages\/51493\/revisions\/51763"}],"wp:attachment":[{"href":"https:\/\/www.inlingua.com\/fr\/wp-json\/wp\/v2\/media?parent=51493"}],"curies":[{"name":"wp","href":"https:\/\/api.w.org\/{rel}","templated":true}]}}