{"id":52816,"date":"2025-10-06T10:10:57","date_gmt":"2025-10-06T08:10:57","guid":{"rendered":"https:\/\/www.inlingua.com\/condiciones-de-uso\/"},"modified":"2026-02-18T08:49:13","modified_gmt":"2026-02-18T07:49:13","slug":"condiciones-de-uso","status":"publish","type":"page","link":"https:\/\/www.inlingua.com\/es\/condiciones-de-uso\/","title":{"rendered":"Condiciones de uso"},"content":{"rendered":"<style data-style=\"inlingua-hero-block\">#main-content{overflow:hidden}.hero-block{background-size:cover;background-position:0;background-repeat:no-repeat;height:738px;position:relative}@media screen and (max-width:1440px){.hero-block{height:550px}}.hero-block .absolute-block{display:none;position:absolute;top:40px;right:10px;width:120px;height:100px;z-index:1}@media screen and (max-width:768px){.hero-block .absolute-block{display:block}}.hero-block .absolute-block .block{position:relative;width:100%;height:100%}.hero-block .absolute-block .block .first-block{position:absolute;width:20px;height:20px;background:var(--grey-3,#ededed);top:20px;right:100px}.hero-block .absolute-block .block .second-block{position:absolute;width:40px;height:40px;background:var(--primary,#f0b334);top:40px;right:60px}.hero-block .absolute-block .block .third-block{position:absolute;width:60px;height:60px;background:var(--secondary,#37c0aa);top:-20px;right:10px}@media (max-width:768px){.hero-block{background:none!important;height:auto}}@media (prefers-reduced-motion:reduce){.hero-block{background-attachment:scroll}}.hero-block__image{background-size:cover;background-position:0;background-repeat:no-repeat;display:none;position:relative;height:100%}@media (max-width:768px){.hero-block__image{height:480px}}.hero-block__image-mobile{display:none}@media (max-width:560px){.hero-block__image-mobile{display:block}}.hero-block__image-desktop{display:block}@media (max-width:560px){.hero-block__image-desktop{display:none}}.hero-block__image-desktop-only{display:block}.hero-block__content{position:absolute;left:60%;top:40%;transform:translateY(-50%);width:100%;max-width:370px;aspect-ratio:1\/1;background-color:#fff;color:#000;padding:30px;box-shadow:0 0 5px 0 #d1d1d1}@media (prefers-contrast:high){.hero-block__content{background-color:#000;color:#fff;border:2px solid #37c0aa}}@media (max-width:1440px){.hero-block__content{left:unset;right:200px;top:43%}}@media (min-width:769px){.hero-block__content{height:100%;max-height:370px}}@media (max-width:768px){.hero-block__content{bottom:20px;left:50%;transform:translate(-50%);top:unset;width:calc(90vw - 40px);max-width:320px;aspect-ratio:1\/1;padding:18px}}.hero-block__content .block{display:flex;flex-direction:column;height:100%;position:relative;justify-content:center}.hero-block__content .block:before{content:\"\";position:absolute;bottom:-115px;right:-60px;width:80px;height:80px;background:var(--primary)}@media screen and (max-width:1440px){.hero-block__content .block:before{bottom:-85px;right:-50px;width:50px;height:50px}}@media screen and (max-width:768px){.hero-block__content .block:before{display:none}}.hero-block__content .block:after{content:\"\";position:absolute;bottom:-30px;right:-195px;width:160px;height:160px;background:var(--secondary)}@media screen and (max-width:1440px){.hero-block__content .block:after{right:-135px;width:100px;height:100px}}@media screen and (max-width:768px){.hero-block__content .block:after{display:none}}.hero-block__title{margin-bottom:10px;font-weight:400}@media (max-width:768px){.hero-block__title{margin-bottom:12px}}.hero-block__desc{font-size:18px;font-weight:400;line-height:150%;font-family:Lato,sans-serif}@media (max-width:768px){.hero-block__desc{font-size:16px}}.hero-block__btn{width:-webkit-max-content;width:-moz-max-content;width:max-content;padding-left:20px;padding-right:20px;font-size:16px;margin-top:18px;height:40px;background:var(--primary);color:var(--black)}.hero-block__btn:focus-visible{box-shadow:0 0 0 4px hsla(0,0%,100%,.3)}.hero-block__btn:hover{background-color:var(--secondary);color:var(--white)}@media (prefers-contrast:high){.hero-block__btn{border:2px solid #fff;background-color:transparent;color:#fff}.hero-block__btn:focus-visible,.hero-block__btn:hover{background-color:var(--secondary);color:var(--white)}}@media (max-width:768px){.hero-block__btn{width:100%;font-size:14px;height:45px}}.hero-block__btn:focus-visible{outline:2px solid var(--white);outline-offset:2px}.hero-block__content:focus-within{outline:2px solid var(--white);outline-offset:2px}.hero-block .bottom-line_text{position:absolute;bottom:30px;left:50%;transform:translateX(-50%);width:100%;max-width:980px;padding:0 20px}.hero-block .bottom-line_text span{text-align:center;font-size:18px;font-weight:700;line-height:140%;font-family:Lato,sans-serif;color:#000;background-color:#fff;padding:7px 20px;width:100%;display:block}@media (max-width:768px){.hero-block .bottom-line_text span{padding:7px 10px}}@media (max-width:375px){.hero-block .bottom-line_text span{font-size:16px}}@media (max-width:768px){.hero-block .bottom-line_text{max-width:320px;bottom:20px;padding:0}}@media (max-width:375px){.hero-block .bottom-line_text{max-width:297.5px}}<\/style>\n<section class=\"hero-block\" \n         id=\"hero\"\n         role=\"banner\" \n         aria-label=\"Condiciones de uso\">\n    <div class=\"absolute-block\">\n        <div class=\"block\">\n            <div class=\"first-block\"><\/div>\n            <div class=\"second-block\"><\/div>\n            <div class=\"third-block\"><\/div>\n        <\/div>\n    <\/div>\n                <div class=\"hero-block__image hero-block__image-desktop hero-block__image-desktop-only\" \n             style=\"background-image: url('https:\/\/www.inlingua.com\/wp-content\/uploads\/2025\/07\/09aa32_d495c924804e46a6adfa35f429c0ad51mv2.avif'); background-size: cover; background-position: left;\"\n             aria-hidden=\"true\"\n             role=\"presentation\"><\/div>\n        \n    <div class=\"hero-block__content\">\n        <div class=\"block\">\n                    <h1 class=\"hero-block__title\" \n                id=\"hero-title\" \n                >Condiciones de uso<\/h1>\n        \n                    <h2 class=\"hero-block__desc\" \n                aria-describedby=\"hero-title\">inlingua International S.A.<\/h2>\n        \n                <\/div>\n    <\/div>\n    <\/section>\n<style data-style=\"inlingua-one-column\">.one-column{padding:80px 0}@media (max-width:768px){.one-column{padding:40px 0;background-attachment:unset}}.one-column .container{max-width:635px;margin:0 auto;display:flex;flex-direction:column;gap:30px;padding:0 20px}.one-column .container .one-column__column{display:flex;flex-direction:column;justify-content:center;gap:20px}.one-column .container .one-column__column-content p{font-size:18px;font-weight:400;line-height:1.2;font-family:Lato,sans-serif;line-height:200%;font-weight:300;letter-spacing:0}@media screen and (max-width:768px){.one-column .container .one-column__column-content p{font-size:16px}}@media (max-width:768px){.one-column .container .one-column__column-content p{line-height:150%}}.one-column .container .one-column__column .one-column__button{margin-top:10px}.one-column .container .one-column__column .one-column__button .button{font-weight:700;font-size:16px;color:#103831;background:#37c0aa;text-decoration:none;text-align:center;display:inline-block;width:-webkit-fit-content;width:-moz-fit-content;width:fit-content;transition:all .3s ease;line-height:150%;padding:6px 60px;font-size:18px;letter-spacing:.1em}@media screen and (max-width:768px){.one-column .container .one-column__column .one-column__button .button{font-size:12px;padding:8px 16px;height:unset}}.one-column .container .one-column__column .one-column__button .button:hover{background:#7494aa;color:#fff;transition:all .3s ease}.one-column .container .one-column__column .one-column__button .button:focus-visible{outline:2px solid #fff;outline-offset:2px;box-shadow:0 0 0 4px hsla(0,0%,100%,.3)}<\/style>   \n<section class=\"one-column \" \n         id=\"one-column\"\n         role=\"region\" \n         aria-label=\"Single column content section\"\n         style=\"background: ; background-image: url(''); background-position: left; background-size: cover;\">\n    <div class=\"container\">\n                    <div class=\"title-wrapper wow fadeInUp\" \n                 style=\"max-width: 612px;\"\n                 data-wow-duration=\"1s\" \n                 data-wow-delay=\"0.2s\">\n                <h2>Condiciones de uso<\/h2>\n            <\/div>\n                \n                    <div class=\"one-column__column wow fadeInUp\" \n                 role=\"main\" \n                 aria-label=\"Main content\"\n                 data-wow-duration=\"1s\" \n                 data-wow-delay=\"0.4s\">\n                                    <div class=\"one-column__column-content\">\n                        <h3>Introducci\u00f3n<\/h3>\n<p>&nbsp;<\/p>\n<p>Estos t\u00e9rminos y condiciones rigen el uso de este sitio web; al utilizar este sitio web, aceptas estos t\u00e9rminos y condiciones en su totalidad. Si no est\u00e1s de acuerdo con estos t\u00e9rminos y condiciones o con alguna parte de los mismos, no debes utilizar este sitio web.Este sitio web utiliza cookies. Al utilizar este sitio web y aceptar estos t\u00e9rminos y condiciones, aceptas el uso de cookies por parte de inlingua International S.A. de acuerdo con los t\u00e9rminos de la pol\u00edtica de privacidad \/ pol\u00edtica de cookies de inlingua International S.A.<\/p>\n<p>&nbsp;<\/p>\n<p>&nbsp;<\/p>\n<h3>Licencia de uso del sitio web<\/h3>\n<p>&nbsp;<\/p>\n<p>A menos que se indique lo contrario, inlingua International S.A. y\/o sus licenciantes poseen los derechos de propiedad intelectual del sitio web y del material que contiene. Sujetos a la licencia que figura a continuaci\u00f3n, todos estos derechos de propiedad intelectual est\u00e1n reservados. Puedes ver, descargar s\u00f3lo con fines de almacenamiento en cach\u00e9 e imprimir p\u00e1ginas u otros contenidos del sitio web para tu uso personal, sujeto a las restricciones establecidas a continuaci\u00f3n y en otras partes de estos t\u00e9rminos y condiciones. No debes:   <\/p>\n<p>&nbsp;<\/p>\n<ul>\n<li>volver a publicar material de este sitio web (incluida la reedici\u00f3n en otro sitio web);<\/li>\n<li>vender, alquilar o sublicenciar material del sitio web;<\/li>\n<li>mostrar ning\u00fan material del sitio web en p\u00fablico;<\/li>\n<li>reproducir, duplicar, copiar o explotar de cualquier otro modo el material de este sitio web con fines comerciales;<\/li>\n<li>editar o modificar de otro modo cualquier material del sitio web; o<\/li>\n<li>redistribuir el material de este sitio web, excepto el contenido espec\u00edfica y expresamente puesto a disposici\u00f3n para su redistribuci\u00f3n.<\/li>\n<\/ul>\n<p>&nbsp;<\/p>\n<p>&nbsp;<\/p>\n<h3>Uso aceptable<\/h3>\n<p>&nbsp;<\/p>\n<p>You must not use this website in any way that causes, or may cause, damage to the website or impairment of the availability or accessibility of the website; or in any way which is unlawful, illegal, fraudulent or harmful, or in connection with any unlawful, illegal, fraudulent or harmful purpose or activity.<br \/>\nNo debes utilizar este sitio web para copiar, almacenar, alojar, transmitir, enviar, utilizar, publicar o distribuir cualquier material que consista en (o est\u00e9 vinculado a) cualquier spyware, virus inform\u00e1tico, troyano, gusano, registrador de pulsaciones de teclas, rootkit u otro software inform\u00e1tico malicioso.<br \/>\nNo debes llevar a cabo ninguna actividad sistem\u00e1tica o automatizada de recopilaci\u00f3n de datos (incluyendo, sin limitaci\u00f3n, el raspado, la miner\u00eda de datos, la extracci\u00f3n de datos y la recolecci\u00f3n de datos) en este sitio web o en relaci\u00f3n con el mismo sin el consentimiento expreso por escrito de inlingua International S.A. No debes utilizar este sitio web para transmitir o enviar comunicaciones comerciales no solicitadas. no debes utilizar este sitio web para ning\u00fan fin relacionado con el marketing sin el consentimiento expreso por escrito de inlingua International S.A..<\/p>\n<p>&nbsp;<\/p>\n<p>&nbsp;<\/p>\n<h3>Sin garant\u00edas<\/h3>\n<p>&nbsp;<\/p>\n<p>Este sitio web se proporciona \u00abtal cual\u00bb, sin representaciones ni garant\u00edas, expresas o impl\u00edcitas. inlingua International S.A. no ofrece representaciones ni garant\u00edas en relaci\u00f3n con este sitio web o con la informaci\u00f3n y los materiales proporcionados en el mismo. Sin perjuicio de la generalidad del p\u00e1rrafo anterior, inlingua International S.A. no garantiza que:  <\/p>\n<p>&nbsp;<\/p>\n<ul>\n<li>este sitio web estar\u00e1 constantemente disponible, o disponible en absoluto; o<\/li>\n<li>la informaci\u00f3n de este sitio web es completa, veraz, exacta o no enga\u00f1osa.<\/li>\n<\/ul>\n<p>&nbsp;<\/p>\n<p>Nada de lo contenido en este sitio web constituye, ni pretende constituir, asesoramiento de ning\u00fan tipo.<\/p>\n<p>&nbsp;<\/p>\n<p>&nbsp;<\/p>\n<h3>Limitaciones de responsabilidad<\/h3>\n<p>&nbsp;<\/p>\n<p>inlingua International S.A. no ser\u00e1 responsable ante ti (ya sea en virtud del derecho contractual, del derecho de responsabilidad civil o de cualquier otro) en relaci\u00f3n con el contenido, el uso o cualquier otro aspecto relacionado con este sitio web:<\/p>\n<p>&nbsp;<\/p>\n<ul>\n<li>en la medida en que el sitio web se proporcione gratuitamente, por cualquier p\u00e9rdida directa;<\/li>\n<li>por cualquier p\u00e9rdida indirecta, especial o consecuente; o<\/li>\n<li>por cualquier p\u00e9rdida comercial, p\u00e9rdida de ingresos, rentas, beneficios o ahorros previstos, p\u00e9rdida de contratos o relaciones comerciales, p\u00e9rdida de reputaci\u00f3n o fondo de comercio, o p\u00e9rdida o corrupci\u00f3n de informaci\u00f3n o datos.<\/li>\n<li>la informaci\u00f3n de este sitio web es completa, veraz, exacta o no enga\u00f1osa.<\/li>\n<\/ul>\n<p>&nbsp;<\/p>\n<p>Nada de lo contenido en este sitio web constituye, ni pretende constituir, asesoramiento de ning\u00fan tipo.<\/p>\n<p>&nbsp;<\/p>\n<p>&nbsp;<\/p>\n<h3>Excepciones<\/h3>\n<p>&nbsp;<\/p>\n<p>Nada en este descargo de responsabilidad del sitio web excluir\u00e1 o limitar\u00e1 cualquier garant\u00eda impl\u00edcita por ley que ser\u00eda ilegal excluir o limitar; y nada en este descargo de responsabilidad del sitio web excluir\u00e1 o limitar\u00e1 la responsabilidad de inlingua International S.A. con respecto a cualquier:<\/p>\n<p>&nbsp;<\/p>\n<ul>\n<li>muerte o da\u00f1os personales causados por negligencia de inlingua International S.A;<\/li>\n<li>fraud or fraudulent misrepresentation on the part of inlingua International S.A. or<\/li>\n<li>asunto que ser\u00eda ilegal o il\u00edcito que inlingua International S.A. excluyera o limitara, o intentara o pretendiera excluir o limitar, su responsabilidad.<\/li>\n<\/ul>\n<p>&nbsp;<\/p>\n<p>&nbsp;<\/p>\n<h3>Razonabilidad<\/h3>\n<p>&nbsp;<\/p>\n<p>Al utilizar este sitio web, aceptas que las exclusiones y limitaciones de responsabilidad establecidas en esta cl\u00e1usula de exenci\u00f3n de responsabilidad del sitio web son razonables.Si no te parecen razonables, no debes utilizar este sitio web.<\/p>\n<p>&nbsp;<\/p>\n<p>&nbsp;<\/p>\n<h3>Otras partes<\/h3>\n<p>&nbsp;<\/p>\n<p>Aceptas que inlingua International S.A. tiene inter\u00e9s en limitar la responsabilidad personal de sus directivos y empleados. Aceptas que no presentar\u00e1s ninguna reclamaci\u00f3n personal contra los directivos o empleados de inlingua International S.A. por las p\u00e9rdidas que sufras en relaci\u00f3n con el sitio web. Sin perjuicio de lo dispuesto en el p\u00e1rrafo anterior, aceptas que las limitaciones de garant\u00edas y responsabilidad establecidas en esta cl\u00e1usula de exenci\u00f3n de responsabilidad del sitio web proteger\u00e1n a los directivos, empleados, agentes, filiales, sucesores, cesionarios y subcontratistas de inlingua International S.A., as\u00ed como a inlingua International S.A..<\/p>\n<p>&nbsp;<\/p>\n<p>&nbsp;<\/p>\n<h3>Disposiciones inaplicables<\/h3>\n<p>&nbsp;<\/p>\n<p>Si alguna disposici\u00f3n de esta cl\u00e1usula de exenci\u00f3n de responsabilidad del sitio web es, o se considera, inaplicable en virtud de la legislaci\u00f3n aplicable, ello no afectar\u00e1 a la aplicabilidad de las dem\u00e1s disposiciones de esta cl\u00e1usula de exenci\u00f3n de responsabilidad del sitio web. En caso de invalidez parcial de estos t\u00e9rminos, t\u00fa e inlingua International S.A. acuerdan sustituir el elemento del t\u00e9rmino inv\u00e1lido por las normas que mejor se ajusten al prop\u00f3sito del elemento del t\u00e9rmino inv\u00e1lido. <\/p>\n<p>&nbsp;<\/p>\n<p>&nbsp;<\/p>\n<h3>Indemnizaci\u00f3n<\/h3>\n<p>&nbsp;<\/p>\n<p>Por la presente indemnizas a inlingua International S.A. y te comprometes a mantenerla indemnizada por cualquier p\u00e9rdida, da\u00f1o, coste, responsabilidad y gasto (incluidos, sin limitaci\u00f3n, los gastos legales y cualquier cantidad pagada por inlingua International S.A. a un tercero para resolver una reclamaci\u00f3n o disputa por consejo de los asesores legales de inlingua International S.A.) en los que incurra o que sufra inlingua International S.A. como consecuencia de cualquier incumplimiento por tu parte de cualquier disposici\u00f3n de estos t\u00e9rminos y condiciones, o como consecuencia de cualquier reclamaci\u00f3n de que has incumplido cualquier disposici\u00f3n de estos t\u00e9rminos y condiciones.<\/p>\n<p>&nbsp;<\/p>\n<p>&nbsp;<\/p>\n<h3>Incumplimiento de estas condiciones<\/h3>\n<p>&nbsp;<\/p>\n<p>Sin perjuicio de los dem\u00e1s derechos de inlingua International S.A. en virtud de estos t\u00e9rminos y condiciones, si incumples estos t\u00e9rminos y condiciones de cualquier forma, inlingua International S.A. podr\u00e1 tomar las medidas que considere oportunas para hacer frente al incumplimiento, incluyendo suspender tu acceso al sitio web, prohibirte el acceso al sitio web, bloquear el acceso al sitio web a los ordenadores que utilicen tu direcci\u00f3n IP, contactar con tu proveedor de servicios de Internet para solicitarle que bloquee tu acceso al sitio web y\/o emprender acciones judiciales contra ti.<\/p>\n<p>&nbsp;<\/p>\n<p>&nbsp;<\/p>\n<h3>Variaci\u00f3n<\/h3>\n<p>&nbsp;<\/p>\n<p>inlingua International S.A. puede revisar estos t\u00e9rminos y condiciones de vez en cuando. Los t\u00e9rminos y condiciones revisados se aplicar\u00e1n al uso de este sitio web a partir de la fecha de publicaci\u00f3n de los t\u00e9rminos y condiciones revisados en este sitio web. Consulta esta p\u00e1gina con regularidad para asegurarte de que est\u00e1s familiarizado con la versi\u00f3n actual.  <\/p>\n<p>&nbsp;<\/p>\n<p>&nbsp;<\/p>\n<h3>Asignaci\u00f3n<\/h3>\n<p>&nbsp;<\/p>\n<p>inlingua International S.A. puede transferir, subcontratar o negociar de otro modo los derechos y\/u obligaciones de inlingua International S.A. en virtud de estos t\u00e9rminos y condiciones sin notific\u00e1rtelo ni obtener tu consentimiento. No puedes transferir, subcontratar o negociar de otro modo tus derechos y\/u obligaciones en virtud de estos t\u00e9rminos y condiciones.<\/p>\n<p>&nbsp;<\/p>\n<p>&nbsp;<\/p>\n<h3>Divisibilidad<\/h3>\n<p>&nbsp;<\/p>\n<p>Si un tribunal u otra autoridad competente determina que una disposici\u00f3n de estos t\u00e9rminos y condiciones es ilegal y\/o inaplicable, las dem\u00e1s disposiciones seguir\u00e1n en vigor. Si alguna disposici\u00f3n ilegal y\/o inaplicable fuera legal o aplicable si se suprimiera parte de ella, se considerar\u00e1 que esa parte ha sido suprimida, y el resto de la disposici\u00f3n continuar\u00e1 en vigor. <\/p>\n<p>&nbsp;<\/p>\n<p>&nbsp;<\/p>\n<h3>Acuerdo completo<\/h3>\n<p>&nbsp;<\/p>\n<p>Estos t\u00e9rminos y condiciones constituyen el acuerdo completo entre t\u00fa e inlingua International S.A. en relaci\u00f3n con tu uso de este sitio web, y sustituyen a todos los acuerdos anteriores con respecto a tu uso de este sitio web.<\/p>\n<p>&nbsp;<\/p>\n<p>&nbsp;<\/p>\n<h3>Derecho y jurisdicci\u00f3n<\/h3>\n<p>&nbsp;<\/p>\n<p>Estos t\u00e9rminos y condiciones se regir\u00e1n e interpretar\u00e1n de acuerdo con la legislaci\u00f3n suiza, y cualquier disputa relacionada con estos t\u00e9rminos y condiciones estar\u00e1 sujeta a la jurisdicci\u00f3n exclusiva de los tribunales de Berna.<\/p>\n                    <\/div>\n                                            <\/div>\n            <\/div>\n<\/section>\n\n<style>\n    @media (max-width: 768px) {\n        .one-column.background-on-mobile-section {\n            background-color: ;\n            background-image: none !important;\n        }\n    }\n<\/style>","protected":false},"excerpt":{"rendered":"","protected":false},"author":1,"featured_media":0,"parent":0,"menu_order":0,"comment_status":"closed","ping_status":"closed","template":"","meta":{"_acf_changed":false,"footnotes":""},"class_list":["post-52816","page","type-page","status-publish","hentry"],"acf":[],"yoast_head":"<!-- This site is optimized with the Yoast SEO Premium plugin v27.4 (Yoast SEO v27.4) - https:\/\/yoast.com\/product\/yoast-seo-premium-wordpress\/ -->\n<title>Condiciones de uso - inlingua<\/title>\n<meta name=\"robots\" content=\"index, follow, max-snippet:-1, max-image-preview:large, max-video-preview:-1\" \/>\n<link rel=\"canonical\" href=\"https:\/\/www.inlingua.com\/es\/condiciones-de-uso\/\" \/>\n<meta property=\"og:locale\" content=\"es_ES\" \/>\n<meta property=\"og:type\" content=\"article\" \/>\n<meta property=\"og:title\" content=\"Condiciones de uso\" \/>\n<meta property=\"og:url\" content=\"https:\/\/www.inlingua.com\/es\/condiciones-de-uso\/\" \/>\n<meta property=\"og:site_name\" content=\"inlingua\" \/>\n<meta property=\"article:publisher\" content=\"https:\/\/www.facebook.com\/inlingua\" \/>\n<meta property=\"article:modified_time\" content=\"2026-02-18T07:49:13+00:00\" \/>\n<meta name=\"twitter:card\" content=\"summary_large_image\" \/>\n<!-- \/ Yoast SEO Premium plugin. -->","yoast_head_json":{"title":"Condiciones de uso - inlingua","robots":{"index":"index","follow":"follow","max-snippet":"max-snippet:-1","max-image-preview":"max-image-preview:large","max-video-preview":"max-video-preview:-1"},"canonical":"https:\/\/www.inlingua.com\/es\/condiciones-de-uso\/","og_locale":"es_ES","og_type":"article","og_title":"Condiciones de uso","og_url":"https:\/\/www.inlingua.com\/es\/condiciones-de-uso\/","og_site_name":"inlingua","article_publisher":"https:\/\/www.facebook.com\/inlingua","article_modified_time":"2026-02-18T07:49:13+00:00","twitter_card":"summary_large_image","schema":{"@context":"https:\/\/schema.org","@graph":[{"@type":"WebPage","@id":"https:\/\/www.inlingua.com\/es\/condiciones-de-uso\/","url":"https:\/\/www.inlingua.com\/es\/condiciones-de-uso\/","name":"Condiciones de uso - inlingua","isPartOf":{"@id":"https:\/\/www.inlingua.com\/es\/#website"},"datePublished":"2025-10-06T08:10:57+00:00","dateModified":"2026-02-18T07:49:13+00:00","breadcrumb":{"@id":"https:\/\/www.inlingua.com\/es\/condiciones-de-uso\/#breadcrumb"},"inLanguage":"es","potentialAction":[{"@type":"ReadAction","target":["https:\/\/www.inlingua.com\/es\/condiciones-de-uso\/"]}]},{"@type":"BreadcrumbList","@id":"https:\/\/www.inlingua.com\/es\/condiciones-de-uso\/#breadcrumb","itemListElement":[{"@type":"ListItem","position":1,"name":"Home","item":"https:\/\/www.inlingua.com\/es\/"},{"@type":"ListItem","position":2,"name":"Condiciones de uso"}]},{"@type":"WebSite","@id":"https:\/\/www.inlingua.com\/es\/#website","url":"https:\/\/www.inlingua.com\/es\/","name":"inlingua","description":"","publisher":{"@id":"https:\/\/www.inlingua.com\/es\/#organization"},"potentialAction":[{"@type":"SearchAction","target":{"@type":"EntryPoint","urlTemplate":"https:\/\/www.inlingua.com\/es\/?s={search_term_string}"},"query-input":{"@type":"PropertyValueSpecification","valueRequired":true,"valueName":"search_term_string"}}],"inLanguage":"es"},{"@type":"Organization","@id":"https:\/\/www.inlingua.com\/es\/#organization","name":"inlingua","url":"https:\/\/www.inlingua.com\/es\/","logo":{"@type":"ImageObject","inLanguage":"es","@id":"https:\/\/www.inlingua.com\/es\/#\/schema\/logo\/image\/","url":"https:\/\/www.inlingua.com\/wp-content\/uploads\/2025\/06\/favicon.png","contentUrl":"https:\/\/www.inlingua.com\/wp-content\/uploads\/2025\/06\/favicon.png","width":150,"height":150,"caption":"inlingua"},"image":{"@id":"https:\/\/www.inlingua.com\/es\/#\/schema\/logo\/image\/"},"sameAs":["https:\/\/www.facebook.com\/inlingua","http:\/\/localhost\/inlingua\/"]}]}},"_links":{"self":[{"href":"https:\/\/www.inlingua.com\/es\/wp-json\/wp\/v2\/pages\/52816","targetHints":{"allow":["GET"]}}],"collection":[{"href":"https:\/\/www.inlingua.com\/es\/wp-json\/wp\/v2\/pages"}],"about":[{"href":"https:\/\/www.inlingua.com\/es\/wp-json\/wp\/v2\/types\/page"}],"author":[{"embeddable":true,"href":"https:\/\/www.inlingua.com\/es\/wp-json\/wp\/v2\/users\/1"}],"replies":[{"embeddable":true,"href":"https:\/\/www.inlingua.com\/es\/wp-json\/wp\/v2\/comments?post=52816"}],"version-history":[{"count":3,"href":"https:\/\/www.inlingua.com\/es\/wp-json\/wp\/v2\/pages\/52816\/revisions"}],"predecessor-version":[{"id":52950,"href":"https:\/\/www.inlingua.com\/es\/wp-json\/wp\/v2\/pages\/52816\/revisions\/52950"}],"wp:attachment":[{"href":"https:\/\/www.inlingua.com\/es\/wp-json\/wp\/v2\/media?parent=52816"}],"curies":[{"name":"wp","href":"https:\/\/api.w.org\/{rel}","templated":true}]}}