{"id":50836,"date":"2025-10-06T10:10:57","date_gmt":"2025-10-06T08:10:57","guid":{"rendered":"https:\/\/www.inlingua.com\/nutzungsbedingungen\/"},"modified":"2026-01-26T11:53:50","modified_gmt":"2026-01-26T10:53:50","slug":"nutzungsbedingungen","status":"publish","type":"page","link":"https:\/\/www.inlingua.com\/de\/nutzungsbedingungen\/","title":{"rendered":"Nutzungsbedingungen"},"content":{"rendered":"<style data-style=\"inlingua-hero-block\">#main-content{overflow:hidden}.hero-block{background-size:cover;background-position:0;background-repeat:no-repeat;height:738px;position:relative}@media screen and (max-width:1440px){.hero-block{height:550px}}.hero-block .absolute-block{display:none;position:absolute;top:40px;right:10px;width:120px;height:100px;z-index:1}@media screen and (max-width:768px){.hero-block .absolute-block{display:block}}.hero-block .absolute-block .block{position:relative;width:100%;height:100%}.hero-block .absolute-block .block .first-block{position:absolute;width:20px;height:20px;background:var(--grey-3,#ededed);top:20px;right:100px}.hero-block .absolute-block .block .second-block{position:absolute;width:40px;height:40px;background:var(--primary,#f0b334);top:40px;right:60px}.hero-block .absolute-block .block .third-block{position:absolute;width:60px;height:60px;background:var(--secondary,#37c0aa);top:-20px;right:10px}@media (max-width:768px){.hero-block{background:none!important;height:auto}}@media (prefers-reduced-motion:reduce){.hero-block{background-attachment:scroll}}.hero-block__image{background-size:cover;background-position:0;background-repeat:no-repeat;display:none;position:relative;height:100%}@media (max-width:768px){.hero-block__image{height:480px}}.hero-block__image-mobile{display:none}@media (max-width:560px){.hero-block__image-mobile{display:block}}.hero-block__image-desktop{display:block}@media (max-width:560px){.hero-block__image-desktop{display:none}}.hero-block__image-desktop-only{display:block}.hero-block__content{position:absolute;left:60%;top:40%;transform:translateY(-50%);width:100%;max-width:370px;aspect-ratio:1\/1;background-color:#fff;color:#000;padding:30px;box-shadow:0 0 5px 0 #d1d1d1}@media (prefers-contrast:high){.hero-block__content{background-color:#000;color:#fff;border:2px solid #37c0aa}}@media (max-width:1440px){.hero-block__content{left:unset;right:200px;top:43%}}@media (min-width:769px){.hero-block__content{height:100%;max-height:370px}}@media (max-width:768px){.hero-block__content{bottom:20px;left:50%;transform:translate(-50%);top:unset;width:calc(90vw - 40px);max-width:320px;aspect-ratio:1\/1;padding:18px}}.hero-block__content .block{display:flex;flex-direction:column;height:100%;position:relative;justify-content:center}.hero-block__content .block:before{content:\"\";position:absolute;bottom:-115px;right:-60px;width:80px;height:80px;background:var(--primary)}@media screen and (max-width:1440px){.hero-block__content .block:before{bottom:-85px;right:-50px;width:50px;height:50px}}@media screen and (max-width:768px){.hero-block__content .block:before{display:none}}.hero-block__content .block:after{content:\"\";position:absolute;bottom:-30px;right:-195px;width:160px;height:160px;background:var(--secondary)}@media screen and (max-width:1440px){.hero-block__content .block:after{right:-135px;width:100px;height:100px}}@media screen and (max-width:768px){.hero-block__content .block:after{display:none}}.hero-block__title{margin-bottom:10px;font-weight:400}@media (max-width:768px){.hero-block__title{margin-bottom:12px}}.hero-block__desc{font-size:18px;font-weight:400;line-height:150%;font-family:Lato,sans-serif}@media (max-width:768px){.hero-block__desc{font-size:16px}}.hero-block__btn{width:-webkit-max-content;width:-moz-max-content;width:max-content;padding-left:20px;padding-right:20px;font-size:16px;margin-top:18px;height:40px;background:var(--primary);color:var(--black)}.hero-block__btn:focus-visible{box-shadow:0 0 0 4px hsla(0,0%,100%,.3)}.hero-block__btn:hover{background-color:var(--secondary);color:var(--white)}@media (prefers-contrast:high){.hero-block__btn{border:2px solid #fff;background-color:transparent;color:#fff}.hero-block__btn:focus-visible,.hero-block__btn:hover{background-color:var(--secondary);color:var(--white)}}@media (max-width:768px){.hero-block__btn{width:100%;font-size:14px;height:45px}}.hero-block__btn:focus-visible{outline:2px solid var(--white);outline-offset:2px}.hero-block__content:focus-within{outline:2px solid var(--white);outline-offset:2px}.hero-block .bottom-line_text{position:absolute;bottom:30px;left:50%;transform:translateX(-50%);width:100%;max-width:980px;padding:0 20px}.hero-block .bottom-line_text span{text-align:center;font-size:18px;font-weight:700;line-height:140%;font-family:Lato,sans-serif;color:#000;background-color:#fff;padding:7px 20px;width:100%;display:block}@media (max-width:768px){.hero-block .bottom-line_text span{padding:7px 10px}}@media (max-width:375px){.hero-block .bottom-line_text span{font-size:16px}}@media (max-width:768px){.hero-block .bottom-line_text{max-width:320px;bottom:20px;padding:0}}@media (max-width:375px){.hero-block .bottom-line_text{max-width:297.5px}}<\/style>\n<section class=\"hero-block\" \n         id=\"hero\"\n         role=\"banner\" \n         aria-label=\"Nutzungsbedingugen\">\n    <div class=\"absolute-block\">\n        <div class=\"block\">\n            <div class=\"first-block\"><\/div>\n            <div class=\"second-block\"><\/div>\n            <div class=\"third-block\"><\/div>\n        <\/div>\n    <\/div>\n                <div class=\"hero-block__image hero-block__image-desktop hero-block__image-desktop-only\" \n             style=\"background-image: url('https:\/\/www.inlingua.com\/wp-content\/uploads\/2025\/07\/09aa32_d495c924804e46a6adfa35f429c0ad51mv2.avif'); background-size: cover; background-position: left;\"\n             aria-hidden=\"true\"\n             role=\"presentation\"><\/div>\n        \n    <div class=\"hero-block__content\">\n        <div class=\"block\">\n                    <h1 class=\"hero-block__title\" \n                id=\"hero-title\" \n                >Nutzungsbedingugen<\/h1>\n        \n                    <h2 class=\"hero-block__desc\" \n                aria-describedby=\"hero-title\">inlingua International AG<\/h2>\n        \n                <\/div>\n    <\/div>\n    <\/section>\n\n\n<style data-style=\"inlingua-one-column\">.one-column{padding:80px 0}@media (max-width:768px){.one-column{padding:40px 0;background-attachment:unset}}.one-column .container{max-width:635px;margin:0 auto;display:flex;flex-direction:column;gap:30px;padding:0 20px}.one-column .container .one-column__column{display:flex;flex-direction:column;justify-content:center;gap:20px}.one-column .container .one-column__column-content p{font-size:18px;font-weight:400;line-height:1.2;font-family:Lato,sans-serif;line-height:200%;font-weight:300;letter-spacing:0}@media screen and (max-width:768px){.one-column .container .one-column__column-content p{font-size:16px}}@media (max-width:768px){.one-column .container .one-column__column-content p{line-height:150%}}.one-column .container .one-column__column .one-column__button{margin-top:10px}.one-column .container .one-column__column .one-column__button .button{font-weight:700;font-size:16px;color:#103831;background:#37c0aa;text-decoration:none;text-align:center;display:inline-block;width:-webkit-fit-content;width:-moz-fit-content;width:fit-content;transition:all .3s ease;line-height:150%;padding:6px 60px;font-size:18px;letter-spacing:.1em}@media screen and (max-width:768px){.one-column .container .one-column__column .one-column__button .button{font-size:12px;padding:8px 16px;height:unset}}.one-column .container .one-column__column .one-column__button .button:hover{background:#7494aa;color:#fff;transition:all .3s ease}.one-column .container .one-column__column .one-column__button .button:focus-visible{outline:2px solid #fff;outline-offset:2px;box-shadow:0 0 0 4px hsla(0,0%,100%,.3)}<\/style>   \n<section class=\"one-column \" \n         id=\"one-column\"\n         role=\"region\" \n         aria-label=\"Single column content section\"\n         style=\"background: ; background-image: url(''); background-position: left; background-size: cover;\">\n    <div class=\"container\">\n                    <div class=\"title-wrapper wow fadeInUp\" \n                 style=\"max-width: 612px;\"\n                 data-wow-duration=\"1s\" \n                 data-wow-delay=\"0.2s\">\n                <h2>Nutzungsbedingugen<\/h2>\n            <\/div>\n                \n                    <div class=\"one-column__column wow fadeInUp\" \n                 role=\"main\" \n                 aria-label=\"Main content\"\n                 data-wow-duration=\"1s\" \n                 data-wow-delay=\"0.4s\">\n                                    <div class=\"one-column__column-content\">\n                        <h3>Einf\u00fchrung<\/h3>\n<p>&nbsp;<\/p>\n<p>Diese Bedingungen regeln Ihre Nutzung dieser Website. Durch die Nutzung dieser Website akzeptieren Sie diese Bedingungen in vollem Umfang. Wenn Sie mit diesen Bedingungen oder einem Teil davon nicht einverstanden sind, d\u00fcrfen Sie diese Website nicht nutzen.Diese Website verwendet Cookies. Indem Sie diese Website nutzen und diesen Bedingungen zustimmen, erkl\u00e4ren Sie sich damit einverstanden, dass die inlingua International AG Cookies in \u00dcbereinstimmung mit den Bedingungen der Datenschutzrichtlinie \/ Cookie-Richtlinie der inlingua International AG verwendet.  <\/p>\n<p>&nbsp;<\/p>\n<p>&nbsp;<\/p>\n<h3>Lizenz zur Nutzung der Website<\/h3>\n<p>&nbsp;<\/p>\n<p>Soweit nicht anders angegeben, sind die inlingua International AG und\/oder ihre Lizenzgeber Eigent\u00fcmer der geistigen Eigentumsrechte an der Website und dem Material auf der Website. Vorbehaltlich der nachstehenden Lizenz sind alle diese geistigen Eigentumsrechte vorbehalten. Sie sind berechtigt, Seiten oder andere Inhalte der Website f\u00fcr Ihren pers\u00f6nlichen Gebrauch anzusehen, herunterzuladen und auszudrucken, vorbehaltlich der unten und an anderer Stelle in diesen Bedingungen genannten Einschr\u00e4nkungen. Sie d\u00fcrfen nicht:   <\/p>\n<p>&nbsp;<\/p>\n<ul>\n<li>Material von dieser Website erneut zu ver\u00f6ffentlichen (einschlie\u00dflich der Wiederver\u00f6ffentlichung auf einer anderen Website);<\/li>\n<li>Material von der Website verkaufen, vermieten oder unterlizenzieren;<\/li>\n<li>Material von der Website in der \u00d6ffentlichkeit zeigen;<\/li>\n<li>Material auf dieser Website zu reproduzieren, zu vervielf\u00e4ltigen, zu kopieren oder anderweitig f\u00fcr einen kommerziellen Zweck zu nutzen;<\/li>\n<li>Material auf der Website zu bearbeiten oder anderweitig zu ver\u00e4ndern; oder<\/li>\n<li>Material von dieser Website weiterzugeben, au\u00dfer f\u00fcr Inhalte, die ausdr\u00fccklich f\u00fcr die Weitergabe zur Verf\u00fcgung gestellt wurden.<\/li>\n<\/ul>\n<p>&nbsp;<\/p>\n<p>&nbsp;<\/p>\n<h3>Akzeptable Nutzung<\/h3>\n<p>&nbsp;<\/p>\n<p>Sie d\u00fcrfen diese Website nicht auf eine Art und Weise nutzen, die Sch\u00e4den an der Website oder eine Beeintr\u00e4chtigung der Verf\u00fcgbarkeit oder Zug\u00e4nglichkeit der Website verursacht oder verursachen kann, oder auf eine Art und Weise, die ungesetzlich, illegal, betr\u00fcgerisch oder sch\u00e4dlich ist, oder in Verbindung mit einem ungesetzlichen, illegalen, betr\u00fcgerischen oder sch\u00e4dlichen Zweck oder einer Aktivit\u00e4t.<br \/>\nSie d\u00fcrfen diese Website nicht nutzen, um Material zu kopieren, zu speichern, zu hosten, zu \u00fcbertragen, zu senden, zu verwenden, zu ver\u00f6ffentlichen oder zu verbreiten, das aus Spyware, Computerviren, Trojanern, W\u00fcrmern, Keystroke-Loggern, Rootkits oder anderer b\u00f6sartiger Computersoftware besteht (oder damit verbunden ist).<br \/>\nSie d\u00fcrfen ohne die ausdr\u00fcckliche schriftliche Zustimmung der inlingua International AG keine systematischen oder automatisierten Datenerfassungsaktivit\u00e4ten (einschlie\u00dflich, aber nicht beschr\u00e4nkt auf Scraping, Data Mining, Datenextraktion und Data Harvesting) auf oder im Zusammenhang mit dieser Website durchf\u00fchren.Sie d\u00fcrfen diese Website nicht nutzen, um unaufgefordert kommerzielle Mitteilungen zu \u00fcbermitteln oder zu versenden.Sie d\u00fcrfen diese Website ohne die ausdr\u00fcckliche schriftliche Zustimmung der inlingua International AG nicht f\u00fcr Marketingzwecke nutzen.<\/p>\n<p>&nbsp;<\/p>\n<p>&nbsp;<\/p>\n<h3>Garantieausschluss<\/h3>\n<p>&nbsp;<\/p>\n<p>Die inlingua International AG gibt keine Zusicherungen oder Garantien in Bezug auf diese Website oder die auf dieser Website bereitgestellten Informationen und Materialien ab. Unbeschadet der Allgemeing\u00fcltigkeit des vorstehenden Absatzes garantiert die inlingua International AG nicht, dass:  <\/p>\n<p>&nbsp;<\/p>\n<ul>\n<li>diese Website st\u00e4ndig oder \u00fcberhaupt verf\u00fcgbar sein wird; oder<\/li>\n<li>die Informationen auf dieser Website vollst\u00e4ndig, wahr, genau oder nicht irref\u00fchrend sind.<\/li>\n<\/ul>\n<p>&nbsp;<\/p>\n<p>Nichts auf dieser Website stellt eine Beratung irgendeiner Art dar oder soll eine solche darstellen.<\/p>\n<p>&nbsp;<\/p>\n<p>&nbsp;<\/p>\n<h3>Haftungsbeschr\u00e4nkung<\/h3>\n<p>&nbsp;<\/p>\n<p>Die inlingua International AG ist Ihnen gegen\u00fcber nicht haftbar (weder nach dem Vertragsrecht noch nach dem Recht der unerlaubten Handlungen oder anderweitig) in Bezug auf den Inhalt oder die Nutzung dieser Website oder anderweitig in Verbindung mit dieser Website:<\/p>\n<p>&nbsp;<\/p>\n<ul>\n<li>in dem Ma\u00dfe, in dem die Website kostenlos zur Verf\u00fcgung gestellt wird, f\u00fcr jeden direkten Schaden;<\/li>\n<li>f\u00fcr alle indirekten, besonderen oder Folgesch\u00e4den; oder<\/li>\n<li>f\u00fcr gesch\u00e4ftliche Verluste, den Verlust von Einnahmen, Einkommen, Gewinnen oder erwarteten Einsparungen, den Verlust von Vertr\u00e4gen oder Gesch\u00e4ftsbeziehungen, den Verlust von Ansehen oder Firmenwert oder den Verlust oder die Besch\u00e4digung von Informationen oder Daten.<\/li>\n<li>die Informationen auf dieser Website vollst\u00e4ndig, wahr, genau oder nicht irref\u00fchrend sind.<\/li>\n<\/ul>\n<p>&nbsp;<\/p>\n<p>Nichts auf dieser Website stellt eine Beratung irgendeiner Art dar oder soll eine solche darstellen.<\/p>\n<p>&nbsp;<\/p>\n<p>&nbsp;<\/p>\n<h3>Ausnahmen<\/h3>\n<p>&nbsp;<\/p>\n<p>Nichts in diesem Website-Haftungsausschluss schlie\u00dft Garantien aus oder schr\u00e4nkt sie ein, die gesetzlich vorgeschrieben sind und deren Ausschluss oder Einschr\u00e4nkung ungesetzlich w\u00e4re; und nichts in diesem Website-Haftungsausschluss schlie\u00dft die Haftung der inlingua International AG aus oder schr\u00e4nkt sie ein:<\/p>\n<p>&nbsp;<\/p>\n<ul>\n<li>Tod oder K\u00f6rperverletzung, die durch die Fahrl\u00e4ssigkeit der inlingua International AG verursacht wurden;<\/li>\n<li>Betrug oder arglistige T\u00e4uschung von Seiten der inlingua International AG oder<\/li>\n<li>Angelegenheiten, deren Ausschluss oder Begrenzung oder der Versuch eines solchen Ausschlusses oder einer solchen Begrenzung durch inlingua International AG rechtswidrig oder ungesetzlich w\u00e4re.<\/li>\n<\/ul>\n<p>&nbsp;<\/p>\n<p>&nbsp;<\/p>\n<h3>Angemessenheit<\/h3>\n<p>&nbsp;<\/p>\n<p>Durch die Nutzung dieser Website erkl\u00e4ren Sie sich damit einverstanden, dass die in diesem Haftungsausschluss dargelegten Haftungsausschl\u00fcsse und -beschr\u00e4nkungen angemessen sind. Wenn Sie diese nicht f\u00fcr angemessen halten, d\u00fcrfen Sie diese Website nicht nutzen.<\/p>\n<p>&nbsp;<\/p>\n<p>&nbsp;<\/p>\n<h3>Andere Parteien<\/h3>\n<p>&nbsp;<\/p>\n<p>Sie akzeptieren, dass die inlingua International AG ein Interesse daran hat, die pers\u00f6nliche Haftung ihrer F\u00fchrungskr\u00e4fte und Mitarbeiter zu begrenzen. Sie erkl\u00e4ren sich damit einverstanden, dass Sie keine pers\u00f6nlichen Anspr\u00fcche gegen die F\u00fchrungskr\u00e4fte oder Mitarbeiter der inlingua International AG in Bezug auf Verluste, die Sie im Zusammenhang mit der Website erleiden, geltend machen werden. Unbeschadet des vorstehenden Absatzes erkl\u00e4ren Sie sich damit einverstanden, dass die in diesem Haftungsausschluss dargelegten Gew\u00e4hrleistungs- und Haftungsbeschr\u00e4nkungen sowohl die leitenden Angestellten, Mitarbeiter, Vertreter, Tochtergesellschaften, Nachfolger, Abtretungsempf\u00e4nger und Unterauftragnehmer der inlingua International AG als auch die inlingua International AG sch\u00fctzen.  <\/p>\n<p>&nbsp;<\/p>\n<p>&nbsp;<\/p>\n<h3>Unwirksame Bestimmungen<\/h3>\n<p>&nbsp;<\/p>\n<p>Sollte eine Bestimmung dieses Haftungsausschlusses nach geltendem Recht nicht durchsetzbar sein oder als nicht durchsetzbar angesehen werden, so ber\u00fchrt dies nicht die Durchsetzbarkeit der \u00fcbrigen Bestimmungen dieses Haftungsausschlusses. Im Falle einer Teilnichtigkeit dieser Bestimmungen vereinbaren Sie und die inlingua International AG, die unwirksame Bestimmung durch Regelungen zu ersetzen, die dem Zweck der unwirksamen Bestimmung am n\u00e4chsten kommen. <\/p>\n<p>&nbsp;<\/p>\n<p>&nbsp;<\/p>\n<h3>Entsch\u00e4digung<\/h3>\n<p>&nbsp;<\/p>\n<p>Sie halten die inlingua International AG schadlos und verpflichten sich, die inlingua International AG von jeglichen Verlusten, Sch\u00e4den, Kosten, Verbindlichkeiten und Ausgaben (einschlie\u00dflich, aber nicht beschr\u00e4nkt auf Rechtskosten und Betr\u00e4ge, die von der inlingua International AG an Dritte zur Beilegung eines Anspruchs oder Rechtsstreits auf Anraten der Rechtsberater der inlingua International AG gezahlt wurden) freizustellen, die der inlingua International AG entstehen oder die sie erleidet, weil Sie gegen eine Bestimmung dieser Bedingungen versto\u00dfen haben oder weil behauptet wird, dass Sie gegen eine Bestimmung dieser Bedingungen versto\u00dfen haben.<\/p>\n<p>&nbsp;<\/p>\n<p>&nbsp;<\/p>\n<h3>Verst\u00f6\u00dfe gegen diese Bedingungen und Konditionen<\/h3>\n<p>&nbsp;<\/p>\n<p>Unbeschadet der sonstigen Rechte der inlingua International AG im Rahmen dieser Bedingungen kann die inlingua International AG im Falle eines Versto\u00dfes gegen diese Bedingungen die Ma\u00dfnahmen ergreifen, die sie f\u00fcr angemessen h\u00e4lt, um den Versto\u00df zu ahnden, einschlie\u00dflich der Aussetzung Ihres Zugriffs auf die Website, des Verbots des Zugriffs auf die Website, der Sperrung von Computern, die Ihre IP-Adresse verwenden, des Zugriffs auf die Website, der Kontaktaufnahme mit Ihrem Internet-Provider mit der Bitte, Ihren Zugriff auf die Website zu sperren und\/oder der Einleitung eines Gerichtsverfahrens gegen Sie.<\/p>\n<p>&nbsp;<\/p>\n<p>&nbsp;<\/p>\n<h3>Variation<\/h3>\n<p>&nbsp;<\/p>\n<p>Die inlingua International AG kann diese Bedingungen von Zeit zu Zeit \u00fcberarbeiten. Die \u00fcberarbeiteten Bedingungen gelten f\u00fcr die Nutzung dieser Website ab dem Datum der Ver\u00f6ffentlichung der \u00fcberarbeiteten Bedingungen auf dieser Website. Bitte \u00fcberpr\u00fcfen Sie diese Seite regelm\u00e4\u00dfig, um sicherzustellen, dass Sie mit der aktuellen Version vertraut sind.  <\/p>\n<p>&nbsp;<\/p>\n<p>&nbsp;<\/p>\n<h3>Zuweisung<\/h3>\n<p>&nbsp;<\/p>\n<p>Die inlingua International AG ist berechtigt, die Rechte und\/oder Pflichten der inlingua International AG im Rahmen dieser Bedingungen zu \u00fcbertragen, unterzuvergeben oder anderweitig damit umzugehen, ohne Sie dar\u00fcber zu informieren oder Ihre Zustimmung einzuholen. Sie sind nicht berechtigt, Ihre Rechte und\/oder Pflichten im Rahmen dieser Bedingungen zu \u00fcbertragen, unterzuvergeben oder anderweitig mit ihnen zu verfahren. <\/p>\n<p>&nbsp;<\/p>\n<p>&nbsp;<\/p>\n<h3>Trennbarkeit<\/h3>\n<p>&nbsp;<\/p>\n<p>Sollte eine Bestimmung dieser Bedingungen von einem Gericht oder einer anderen zust\u00e4ndigen Beh\u00f6rde als ungesetzlich und\/oder nicht durchsetzbar eingestuft werden, bleiben die anderen Bestimmungen in Kraft. Wenn eine ungesetzliche und\/oder nicht durchsetzbare Bestimmung rechtm\u00e4\u00dfig oder durchsetzbar w\u00e4re, wenn ein Teil davon gestrichen w\u00fcrde, gilt dieser Teil als gestrichen, und der Rest der Bestimmung bleibt in Kraft. <\/p>\n<p>&nbsp;<\/p>\n<p>&nbsp;<\/p>\n<h3>Gesamte Vereinbarung<\/h3>\n<p>&nbsp;<\/p>\n<p>Diese Bedingungen stellen die gesamte Vereinbarung zwischen Ihnen und der inlingua International AG in Bezug auf Ihre Nutzung dieser Website dar und ersetzen alle fr\u00fcheren Vereinbarungen in Bezug auf Ihre Nutzung dieser Website.<\/p>\n<p>&nbsp;<\/p>\n<p>&nbsp;<\/p>\n<h3>Recht und Gerichtsbarkeit<\/h3>\n<p>&nbsp;<\/p>\n<p>Diese Bedingungen unterliegen schweizerischem Recht und werden nach diesem ausgelegt. Alle Streitigkeiten im Zusammenhang mit diesen Bedingungen unterliegen der ausschlie\u00dflichen Zust\u00e4ndigkeit der Gerichte in Bern.<\/p>\n                    <\/div>\n                                            <\/div>\n            <\/div>\n<\/section>\n\n<style>\n    @media (max-width: 768px) {\n        .one-column.background-on-mobile-section {\n            background-color: ;\n            background-image: none !important;\n        }\n    }\n<\/style>","protected":false},"excerpt":{"rendered":"","protected":false},"author":1,"featured_media":0,"parent":0,"menu_order":0,"comment_status":"closed","ping_status":"closed","template":"","meta":{"_acf_changed":false,"footnotes":""},"class_list":["post-50836","page","type-page","status-publish","hentry"],"acf":[],"yoast_head":"<!-- This site is optimized with the Yoast SEO Premium plugin v27.4 (Yoast SEO v27.4) - https:\/\/yoast.com\/product\/yoast-seo-premium-wordpress\/ -->\n<title>Nutzungsbedingungen - inlingua<\/title>\n<meta name=\"robots\" content=\"index, follow, max-snippet:-1, max-image-preview:large, max-video-preview:-1\" \/>\n<link rel=\"canonical\" href=\"https:\/\/www.inlingua.com\/de\/nutzungsbedingungen\/\" \/>\n<meta property=\"og:locale\" content=\"de_DE\" \/>\n<meta property=\"og:type\" content=\"article\" \/>\n<meta property=\"og:title\" content=\"Nutzungsbedingungen\" \/>\n<meta property=\"og:url\" content=\"https:\/\/www.inlingua.com\/de\/nutzungsbedingungen\/\" \/>\n<meta property=\"og:site_name\" content=\"inlingua\" \/>\n<meta property=\"article:publisher\" content=\"https:\/\/www.facebook.com\/inlingua\" \/>\n<meta property=\"article:modified_time\" content=\"2026-01-26T10:53:50+00:00\" \/>\n<meta name=\"twitter:card\" content=\"summary_large_image\" \/>\n<!-- \/ Yoast SEO Premium plugin. -->","yoast_head_json":{"title":"Nutzungsbedingungen - inlingua","robots":{"index":"index","follow":"follow","max-snippet":"max-snippet:-1","max-image-preview":"max-image-preview:large","max-video-preview":"max-video-preview:-1"},"canonical":"https:\/\/www.inlingua.com\/de\/nutzungsbedingungen\/","og_locale":"de_DE","og_type":"article","og_title":"Nutzungsbedingungen","og_url":"https:\/\/www.inlingua.com\/de\/nutzungsbedingungen\/","og_site_name":"inlingua","article_publisher":"https:\/\/www.facebook.com\/inlingua","article_modified_time":"2026-01-26T10:53:50+00:00","twitter_card":"summary_large_image","schema":{"@context":"https:\/\/schema.org","@graph":[{"@type":"WebPage","@id":"https:\/\/www.inlingua.com\/de\/nutzungsbedingungen\/","url":"https:\/\/www.inlingua.com\/de\/nutzungsbedingungen\/","name":"Nutzungsbedingungen - inlingua","isPartOf":{"@id":"https:\/\/www.inlingua.com\/de\/#website"},"datePublished":"2025-10-06T08:10:57+00:00","dateModified":"2026-01-26T10:53:50+00:00","breadcrumb":{"@id":"https:\/\/www.inlingua.com\/de\/nutzungsbedingungen\/#breadcrumb"},"inLanguage":"de","potentialAction":[{"@type":"ReadAction","target":["https:\/\/www.inlingua.com\/de\/nutzungsbedingungen\/"]}]},{"@type":"BreadcrumbList","@id":"https:\/\/www.inlingua.com\/de\/nutzungsbedingungen\/#breadcrumb","itemListElement":[{"@type":"ListItem","position":1,"name":"Home","item":"https:\/\/www.inlingua.com\/de\/"},{"@type":"ListItem","position":2,"name":"Nutzungsbedingungen"}]},{"@type":"WebSite","@id":"https:\/\/www.inlingua.com\/de\/#website","url":"https:\/\/www.inlingua.com\/de\/","name":"inlingua","description":"","publisher":{"@id":"https:\/\/www.inlingua.com\/de\/#organization"},"potentialAction":[{"@type":"SearchAction","target":{"@type":"EntryPoint","urlTemplate":"https:\/\/www.inlingua.com\/de\/?s={search_term_string}"},"query-input":{"@type":"PropertyValueSpecification","valueRequired":true,"valueName":"search_term_string"}}],"inLanguage":"de"},{"@type":"Organization","@id":"https:\/\/www.inlingua.com\/de\/#organization","name":"inlingua","url":"https:\/\/www.inlingua.com\/de\/","logo":{"@type":"ImageObject","inLanguage":"de","@id":"https:\/\/www.inlingua.com\/de\/#\/schema\/logo\/image\/","url":"https:\/\/www.inlingua.com\/wp-content\/uploads\/2025\/06\/favicon.png","contentUrl":"https:\/\/www.inlingua.com\/wp-content\/uploads\/2025\/06\/favicon.png","width":150,"height":150,"caption":"inlingua"},"image":{"@id":"https:\/\/www.inlingua.com\/de\/#\/schema\/logo\/image\/"},"sameAs":["https:\/\/www.facebook.com\/inlingua","http:\/\/localhost\/inlingua\/"]}]}},"_links":{"self":[{"href":"https:\/\/www.inlingua.com\/de\/wp-json\/wp\/v2\/pages\/50836","targetHints":{"allow":["GET"]}}],"collection":[{"href":"https:\/\/www.inlingua.com\/de\/wp-json\/wp\/v2\/pages"}],"about":[{"href":"https:\/\/www.inlingua.com\/de\/wp-json\/wp\/v2\/types\/page"}],"author":[{"embeddable":true,"href":"https:\/\/www.inlingua.com\/de\/wp-json\/wp\/v2\/users\/1"}],"replies":[{"embeddable":true,"href":"https:\/\/www.inlingua.com\/de\/wp-json\/wp\/v2\/comments?post=50836"}],"version-history":[{"count":4,"href":"https:\/\/www.inlingua.com\/de\/wp-json\/wp\/v2\/pages\/50836\/revisions"}],"predecessor-version":[{"id":51067,"href":"https:\/\/www.inlingua.com\/de\/wp-json\/wp\/v2\/pages\/50836\/revisions\/51067"}],"wp:attachment":[{"href":"https:\/\/www.inlingua.com\/de\/wp-json\/wp\/v2\/media?parent=50836"}],"curies":[{"name":"wp","href":"https:\/\/api.w.org\/{rel}","templated":true}]}}